{"id":2837,"date":"2019-12-11T12:28:23","date_gmt":"2019-12-11T11:28:23","guid":{"rendered":"https:\/\/www.esell.de\/career\/"},"modified":"2021-05-04T13:43:24","modified_gmt":"2021-05-04T11:43:24","slug":"career","status":"publish","type":"page","link":"https:\/\/www.esell.de\/en\/career\/","title":{"rendered":"Career"},"content":{"rendered":"<p><div class=\"fusion-fullwidth fullwidth-box fusion-builder-row-1 nonhundred-percent-fullwidth non-hundred-percent-height-scrolling\" style=\"--awb-background-position:left top;--awb-border-sizes-top:0px;--awb-border-sizes-bottom:0px;--awb-border-sizes-left:0px;--awb-border-sizes-right:0px;--awb-border-radius-top-left:0px;--awb-border-radius-top-right:0px;--awb-border-radius-bottom-right:0px;--awb-border-radius-bottom-left:0px;--awb-padding-top:90px;--awb-padding-bottom:50px;--awb-flex-wrap:wrap;\" ><div class=\"fusion-builder-row fusion-row\"><div class=\"fusion-layout-column fusion_builder_column fusion-builder-column-0 fusion_builder_column_1_1 1_1 fusion-one-full fusion-column-first fusion-column-last\" style=\"--awb-bg-size:cover;--awb-margin-bottom:30px;\"><div class=\"fusion-column-wrapper fusion-flex-column-wrapper-legacy\"><div class=\"fusion-text fusion-text-1\"><h3>THE PURSUIT OF MORE<\/h3>\n<h2 class=\"h1_weiss\"><span style=\"color: #000000;\">Career at eSell<\/span><\/h2>\n<\/div><div class=\"fusion-text fusion-text-2\"><p><strong>You want to change your career and are looking for an attractive job? &#8211; <\/strong><strong>Come to us!<\/strong><\/p>\n<p>As one of the leading German\u00a0<strong><a href=\"https:\/\/www.esell.de\/en\/partners\/hpe-platinum-partner\/\">HPE Platinum Partners<\/a><\/strong>\u00a0in the area of highly available storage and server infrastructures, we always want to be the first choice for our customers.<\/p>\n<p>First class consulting and implementation, trend-setting technology platforms and applications are our claim. Highest customer satisfaction and long-term customer loyalty through top quality and excellent project fulfillment is our goal.<\/p>\n<p>That is why people are at the centre of our activities &#8211; as customers for whom we provide the service and as employees who provide the service to the customer.<\/p>\n<p><strong>We are currently looking for professionals in the following areas:<\/strong><\/p>\n<\/div><div class=\"fusion-sep-clear\"><\/div><div class=\"fusion-separator fusion-full-width-sep\" style=\"margin-left: auto;margin-right: auto;margin-top:10px;margin-bottom:10px;width:100%;\"><\/div><div class=\"fusion-sep-clear\"><\/div><div class=\"fusion-tabs fusion-tabs-1 classic vertical-tabs icon-position-left mobile-mode-accordion\" style=\"--awb-title-border-radius-top-left:0px;--awb-title-border-radius-top-right:0px;--awb-title-border-radius-bottom-right:0px;--awb-title-border-radius-bottom-left:0px;--awb-inactive-color:#faf9f8;--awb-background-color:#ffffff;--awb-border-color:#ede8e8;--awb-active-border-color:#1a80b6;\"><div class=\"nav\"><ul class=\"nav-tabs\" role=\"tablist\" aria-orientation=\"vertical\"><li class=\"active\" role=\"presentation\"><a class=\"tab-link\" data-toggle=\"tab\" role=\"tab\" aria-controls=\"tab-a5ffe2e8f07cdd2f528\" aria-selected=\"true\" tabindex=\"0\" id=\"fusion-tab-a5ffe2e8f07cdd2f528\" href=\"#tab-a5ffe2e8f07cdd2f528\"><h4 class=\"fusion-tab-heading\">Internal sales representative (m\/f\/d)<\/h4><\/a><\/li><li  role=\"presentation\"><a class=\"tab-link\" data-toggle=\"tab\" role=\"tab\" aria-controls=\"tab-de7095fe649f2868f04\" aria-selected=\"false\" tabindex=\"-1\" id=\"fusion-tab-de7095fe649f2868f04\" href=\"#tab-de7095fe649f2868f04\"><h4 class=\"fusion-tab-heading\">Apprenticeship as office management assistant (m\/f\/d)<\/h4><\/a><\/li><li  role=\"presentation\"><a class=\"tab-link\" data-toggle=\"tab\" role=\"tab\" aria-controls=\"tab-6dab7333ad3bf1e787b\" aria-selected=\"false\" tabindex=\"-1\" id=\"fusion-tab-6dab7333ad3bf1e787b\" href=\"#tab-6dab7333ad3bf1e787b\"><h4 class=\"fusion-tab-heading\">Apprenticeship IT Systems Management Assistant (m\/f\/d)<\/h4><\/a><\/li><\/ul><\/div><div class=\"tab-content\"><div class=\"nav fusion-mobile-tab-nav\"><ul class=\"nav-tabs\" role=\"tablist\" aria-orientation=\"vertical\"><li class=\"active\" role=\"presentation\"><a class=\"tab-link\" data-toggle=\"tab\" role=\"tab\" aria-controls=\"tab-a5ffe2e8f07cdd2f528\" aria-selected=\"true\" tabindex=\"0\" id=\"mobile-fusion-tab-a5ffe2e8f07cdd2f528\" href=\"#tab-a5ffe2e8f07cdd2f528\"><h4 class=\"fusion-tab-heading\">Internal sales representative (m\/f\/d)<\/h4><\/a><\/li><\/ul><\/div><div class=\"tab-pane fade fusion-clearfix in active\" role=\"tabpanel\" tabindex=\"0\" aria-labelledby=\"fusion-tab-a5ffe2e8f07cdd2f528\" id=\"tab-a5ffe2e8f07cdd2f528\">\n<p>In the course of strengthening our team, we are looking for an <strong>employee (m\/f\/d) for internal sales<\/strong> for our headquarter in <strong>Saarbr\u00fccken<\/strong> at the earliest opportunity.<\/p>\n<p><span id=\"stellenbeschreibung\"><strong>That&#8217;s what we want from you:<\/strong><br \/>\n<\/span><\/p>\n<ul>\n<li><span id=\"stellenbeschreibung\">Commercial or technical training as well as fun working in the sales office with all its facets.<\/span><\/li>\n<li><span id=\"stellenbeschreibung\">At least 2 years of professional experience in the IT industry are an advantage.<\/span><\/li>\n<li><span id=\"stellenbeschreibung\">An understanding of high-availability IT architectures in the areas of servers, storage and networking is essential. A good portion of technical affinity does not harm.<\/span><\/li>\n<li><span id=\"stellenbeschreibung\">Communication skills and negotiation skills as well as team spirit and customer orientation.<\/span><\/li>\n<li><span id=\"stellenbeschreibung\">Ideally professional experience in the areas of service, after sales or customer care. <\/span><\/li>\n<li><span id=\"stellenbeschreibung\">Very good knowledge of Microsoft Office products.<\/span><\/li>\n<li><span id=\"stellenbeschreibung\">Fluent in German and English.<\/span><\/li>\n<\/ul>\n<p><strong><span id=\"stellenbeschreibung\">These are your tasks with us:<\/span><\/strong><\/p>\n<ul>\n<li><span id=\"stellenbeschreibung\">Everything from order preparation and order negotiations to the conclusion of the contract.<\/span><\/li>\n<li><span id=\"stellenbeschreibung\">Determination of requirements, costs and prices.<\/span><\/li>\n<li><span id=\"stellenbeschreibung\">Acquisition of private and public tenders.<\/span><\/li>\n<li><span id=\"stellenbeschreibung\">Review and assessment of tender documents. <\/span><\/li>\n<li><span id=\"stellenbeschreibung\">Development of relevant calculations to ensure the competitiveness and economic efficiency of the offers.<\/span><\/li>\n<li><span id=\"stellenbeschreibung\">Development of alternative offers to the bill of quantities.<\/span><\/li>\n<li><span id=\"stellenbeschreibung\">Conducting contract negotiations.<\/span><\/li>\n<li><span id=\"stellenbeschreibung\">Targeted monitoring of assigned projects.<\/span><\/li>\n<li><span id=\"stellenbeschreibung\">Create customer loyalty through after-sales service.<\/span><\/li>\n<\/ul>\n<p><span id=\"stellenbeschreibung\"><strong>That&#8217;s what we offer you:<\/strong><br \/>\n<\/span><\/p>\n<ul>\n<li><span id=\"stellenbeschreibung\">A versatile and responsible job in an internationally active, medium-sized IT company.<\/span><\/li>\n<li><span id=\"stellenbeschreibung\">Permanent employment with unlimited contract after the probationary period.<\/span><\/li>\n<li><span id=\"stellenbeschreibung\">Further education and training opportunities.<\/span><\/li>\n<li><span id=\"stellenbeschreibung\">A technically modern workplace with a company laptop and the possibility of a home office.<\/span><\/li>\n<li><span id=\"stellenbeschreibung\">Good traffic connections and, if required, an underground parking space in the office building.<\/span><\/li>\n<li><span id=\"stellenbeschreibung\">Water and coffee are a matter of course for us.<\/span><\/li>\n<li><span id=\"stellenbeschreibung\">We celebrate successes together at company events.<\/span><\/li>\n<\/ul>\n<p><span id=\"stellenbeschreibung\"><strong>We have aroused your interest?<\/strong> <\/span><\/p>\n<p><span id=\"stellenbeschreibung\">Then we look forward to receiving your application documents with cover letter, curriculum vitae, certificates as well as your salary expectations and the earlinest possible starting date by e-mail to <a href=\"&#x6d;&#x61;&#x69;&#x6c;&#x74;&#x6f;&#x3a;&#x62;&#x65;&#x77;&#x65;&#114;&#98;&#117;&#110;&#103;&#64;&#101;sell&#46;d&#x65;\">&#x62;&#x65;&#x77;&#x65;&#114;&#98;&#117;&#110;g&#64;e&#x53;&#x65;&#x6c;&#x6c;&#x2e;&#100;&#101;<\/a><\/span>. Please refrain from sending your application by post.<\/p>\n<\/div><div class=\"nav fusion-mobile-tab-nav\"><ul class=\"nav-tabs\" role=\"tablist\" aria-orientation=\"vertical\"><li  role=\"presentation\"><a class=\"tab-link\" data-toggle=\"tab\" role=\"tab\" aria-controls=\"tab-de7095fe649f2868f04\" aria-selected=\"false\" tabindex=\"-1\" id=\"mobile-fusion-tab-de7095fe649f2868f04\" href=\"#tab-de7095fe649f2868f04\"><h4 class=\"fusion-tab-heading\">Apprenticeship as office management assistant (m\/f\/d)<\/h4><\/a><\/li><\/ul><\/div><div class=\"tab-pane fade fusion-clearfix\" role=\"tabpanel\" tabindex=\"0\" aria-labelledby=\"fusion-tab-de7095fe649f2868f04\" id=\"tab-de7095fe649f2868f04\">\n<p>For our head office in Saarbr\u00fccken, we are looking for <strong>a trainee for the training occupation Business Management Assistant (m\/f\/d) for Office Management<\/strong>.<\/p>\n<p><strong>This is what we want from you<\/strong><\/p>\n<ul class=\"listStyle\">\n<li>You show interest in administrative and commercial activities, especially in the area of quotation preparation, processing and accounting.<\/li>\n<li>You have very good PC skills, especially in the Office applications Word and Excel.<\/li>\n<li>You should be able to handle our customers safely on the phone.<\/li>\n<li>A pronounced service orientation is simply a matter of course for you.<\/li>\n<li>You are well organized and keep a cool head even under pressure.<\/li>\n<li>You have very good communication and assertiveness skills.<\/li>\n<li><strong>You have outstanding to good grades in German and Mathematics (at least 2).<\/strong><\/li>\n<li>You have a very good secondary school leaving certificate or a technical college entrance qualification.<\/li>\n<li>You are highly motivated and can work largely independently.<\/li>\n<\/ul>\n<p><strong>What you can expect from us<\/strong><\/p>\n<ul class=\"listStyle\">\n<li>A technically modern workplace in the middle of the city centre of Saarbr\u00fccken.<\/li>\n<li>Demanding and varied customer projects with exciting tasks.<\/li>\n<li>A challenging working environment in a friendly team.<\/li>\n<li>Flat hierarchies and competent contact persons.<\/li>\n<li>Underground parking for your car directly in the office building.<\/li>\n<\/ul>\n<p><strong>We have aroused your interest?<\/strong><br \/>\nThen we look forward to receiving your documents to get to know you better. Please send us your cover letter, your curriculum vitae and your certificates by e-mail in a summarized document (PDF) to <a href=\"&#x6d;&#x61;&#x69;&#x6c;&#x74;&#x6f;&#x3a;&#98;&#101;&#119;&#101;&#114;bung&#x40;&#x65;&#x73;&#x65;&#x6c;&#x6c;&#x2e;&#x64;&#101;\">&#x62;&#101;&#x77;&#x65;&#114;&#x62;&#x75;&#110;&#x67;&#x40;&#101;&#x53;&#x65;l&#x6c;&#x2e;d&#x65;<\/a>. Please refrain from sending applications by post.<\/p>\n<\/div><div class=\"nav fusion-mobile-tab-nav\"><ul class=\"nav-tabs\" role=\"tablist\" aria-orientation=\"vertical\"><li  role=\"presentation\"><a class=\"tab-link\" data-toggle=\"tab\" role=\"tab\" aria-controls=\"tab-6dab7333ad3bf1e787b\" aria-selected=\"false\" tabindex=\"-1\" id=\"mobile-fusion-tab-6dab7333ad3bf1e787b\" href=\"#tab-6dab7333ad3bf1e787b\"><h4 class=\"fusion-tab-heading\">Apprenticeship IT Systems Management Assistant (m\/f\/d)<\/h4><\/a><\/li><\/ul><\/div><div class=\"tab-pane fade fusion-clearfix\" role=\"tabpanel\" tabindex=\"0\" aria-labelledby=\"fusion-tab-6dab7333ad3bf1e787b\" id=\"tab-6dab7333ad3bf1e787b\">\n<p>F\u00fcr unsere Zentrale in Saarbr\u00fccken suchen wir <strong>ab sofort<\/strong> eine\/n <strong>Auszubildende\/n f\u00fcr den Ausbildungsberuf IT-System-Kaufmann\/-frau (m\/w\/d)<\/strong>.<\/p>\n<p><strong>Das w\u00fcnschen wir uns von Dir<\/strong><\/p>\n<ul class=\"listStyle\">\n<li>Du zeigst Interesse an verwaltenden und kaufm\u00e4nnischen T\u00e4tigkeiten, insbesondere im Bereich der Angebotserstellung, -bearbeitung und der Buchhaltung im IT-Segment.<\/li>\n<li>Du verf\u00fcgest \u00fcber sehr gute Kenntnisse im Umgang mit dem PC, insbesondere in den Office-Anwendungen Word und Excel und bringt ein technisches Grundverst\u00e4ndnis f\u00fcr PC- und IT-Systeme mit.<\/li>\n<li>Du solltest am Telefon sicher mit unseren Kunden umgehen k\u00f6nnen.<\/li>\n<li>Eine ausgepr\u00e4gte Serviceorientierung ist f\u00fcr dich einfach selbstverst\u00e4ndlich.<\/li>\n<li>Du bist gut organisiert und bewahrst auch unter Druck einen k\u00fchlen Kopf.<\/li>\n<li>Du verf\u00fcgst \u00fcber sehr gute Kommunikations- und Durchsetzungsf\u00e4higkeit.<\/li>\n<li><strong>Du hast herausragende bis gute Noten in den F\u00e4chern Deutsch, Mathematik und Englisch (Mindestens 2)<\/strong>.<\/li>\n<li>Du verf\u00fcgst \u00fcber eine sehr gute Mittlere Reife oder eine Fachhochschulreife.<\/li>\n<li>Du zeigst eine hohe Motivation und kannst weitgehend selbstst\u00e4ndig arbeiten.<\/li>\n<\/ul>\n<p><strong>Das erwartet Dich bei uns<\/strong><\/p>\n<ul class=\"listStyle\">\n<li>Ein technisch moderner Arbeitsplatz mitten in der Innenstadt von Saarbr\u00fccken.<\/li>\n<li>Anspruchvolle und vielseitige Kundenprojekte mit spannenden Aufgaben.<\/li>\n<li>Ein herausforderndes Arbeitsumfeld in einem symphatischen Team.<\/li>\n<li>Flache Hierachien und kompetente Ansprechpartner\/innen<\/li>\n<li>Tiefgaragenstellplatz f\u00fcr dein Auto direkt im B\u00fcrogeb\u00e4ude<\/li>\n<\/ul>\n<p><strong>Wir haben dein Interesse geweckt?<\/strong><br \/>\nDann freuen wir uns \u00fcber deine Unterlagen um dich besser kennenzulernen. Schicke uns bitte dein Anschreiben, deinen Lebenslauf und deine Zeugnisse per E-Mail in einem zusammengefassten Dokument (PDF) an <a href=\"&#x6d;a&#x69;&#108;t&#x6f;&#58;&#x62;&#101;w&#x65;&#114;&#x62;&#117;n&#x67;&#64;&#x65;&#x73;e&#x6c;&#108;&#46;&#x64;&#101;\">&#98;&#x65;&#x77;e&#114;&#x62;u&#110;&#x67;&#x40;&#101;&#x53;&#x65;l&#108;&#x2e;d&#101;<\/a>. Wir bitten dich von Bewerbungen auf postalichem Wege abzusehen.<\/p>\n<\/div><\/div><\/div><div class=\"fusion-clearfix\"><\/div><\/div><\/div><\/div><\/div><div class=\"fusion-fullwidth fullwidth-box fusion-builder-row-2 nonhundred-percent-fullwidth non-hundred-percent-height-scrolling\" style=\"--awb-background-position:left top;--awb-border-sizes-top:0px;--awb-border-sizes-bottom:0px;--awb-border-sizes-left:0px;--awb-border-sizes-right:0px;--awb-border-radius-top-left:0px;--awb-border-radius-top-right:0px;--awb-border-radius-bottom-right:0px;--awb-border-radius-bottom-left:0px;--awb-padding-top:50px;--awb-padding-bottom:45px;--awb-background-color:#333c4e;--awb-flex-wrap:wrap;\" ><div class=\"fusion-builder-row fusion-row\"><div class=\"fusion-layout-column fusion_builder_column fusion-builder-column-1 fusion_builder_column_1_1 1_1 fusion-one-full fusion-column-first fusion-column-last fusion-column-no-min-height\" style=\"--awb-bg-size:cover;--awb-margin-top:4%;--awb-margin-bottom:3%;\"><div class=\"fusion-column-wrapper fusion-flex-column-wrapper-legacy\"><div class=\"fusion-text fusion-text-3\"><h3 style=\"text-align: center; font-size: 30px; color: #ffffff;\">Your direct contact to eSell GmbH<\/h3>\n<\/div><div class=\"fusion-sep-clear\"><\/div><div class=\"fusion-separator fusion-full-width-sep\" style=\"margin-left: auto;margin-right: auto;margin-top:-25px;width:100%;\"><\/div><div class=\"fusion-sep-clear\"><\/div><div class=\"fusion-text fusion-text-4\"><p style=\"text-align: center; font-size: 20px;\">Do you have any questions about our vacancies? Write to us!<\/p>\n<\/div><div class=\"fusion-sep-clear\"><\/div><div class=\"fusion-separator fusion-full-width-sep\" style=\"margin-left: auto;margin-right: auto;margin-top:15px;width:100%;\"><\/div><div class=\"fusion-sep-clear\"><\/div><div class=\"fusion-text fusion-text-5\"><p style=\"text-align: center;\">\n<div class=\"wpcf7 no-js\" id=\"wpcf7-f2990-o1\" lang=\"en-US\" dir=\"ltr\" data-wpcf7-id=\"2990\">\n<div class=\"screen-reader-response\"><p role=\"status\" aria-live=\"polite\" aria-atomic=\"true\"><\/p> <ul><\/ul><\/div>\n<form action=\"\/en\/wp-json\/wp\/v2\/pages\/2837#wpcf7-f2990-o1\" method=\"post\" class=\"wpcf7-form init\" aria-label=\"Contact form\" novalidate=\"novalidate\" data-status=\"init\">\n<fieldset class=\"hidden-fields-container\"><input type=\"hidden\" name=\"_wpcf7\" value=\"2990\" \/><input type=\"hidden\" name=\"_wpcf7_version\" value=\"6.1.5\" \/><input type=\"hidden\" name=\"_wpcf7_locale\" value=\"en_US\" \/><input type=\"hidden\" name=\"_wpcf7_unit_tag\" value=\"wpcf7-f2990-o1\" \/><input type=\"hidden\" name=\"_wpcf7_container_post\" value=\"0\" \/><input type=\"hidden\" name=\"_wpcf7_posted_data_hash\" value=\"\" \/><input type=\"hidden\" name=\"_wpcf7_recaptcha_response\" value=\"\" \/>\n<\/fieldset>\n<div style=\"margin-bottom: 40px;\" class=\"fusion-one-third fusion-layout-column fusion-spacing-yes\">\n\t<p><span class=\"wpcf7-form-control-wrap\" data-name=\"your-name\"><input size=\"40\" maxlength=\"400\" class=\"wpcf7-form-control wpcf7-text wpcf7-validates-as-required\" aria-required=\"true\" aria-invalid=\"false\" placeholder=\"Your Name\" value=\"\" type=\"text\" name=\"your-name\" \/><\/span>\n\t<\/p>\n<\/div>\n<div style=\"margin-bottom: 40px;\" class=\"fusion-one-third fusion-layout-column fusion-spacing-yes\">\n\t<p><span class=\"wpcf7-form-control-wrap\" data-name=\"your-email\"><input size=\"40\" maxlength=\"400\" class=\"wpcf7-form-control wpcf7-email wpcf7-validates-as-required wpcf7-text wpcf7-validates-as-email\" aria-required=\"true\" aria-invalid=\"false\" placeholder=\"Your e-mail address\" value=\"\" type=\"email\" name=\"your-email\" \/><\/span>\n\t<\/p>\n<\/div>\n<div style=\"margin-bottom: 40px;\" class=\"fusion-one-third fusion-layout-column fusion-column-last fusion-spacing-yes\">\n\t<p><span class=\"wpcf7-form-control-wrap\" data-name=\"your-subject\"><input size=\"40\" maxlength=\"400\" class=\"wpcf7-form-control wpcf7-text\" aria-invalid=\"false\" placeholder=\"Subject\" value=\"\" type=\"text\" name=\"your-subject\" \/><\/span>\n\t<\/p>\n<\/div>\n<p style=\"margin-bottom: 40px;\"><span class=\"wpcf7-form-control-wrap\" data-name=\"your-message\"><textarea cols=\"40\" rows=\"10\" maxlength=\"2000\" class=\"wpcf7-form-control wpcf7-textarea\" aria-invalid=\"false\" placeholder=\"Your message to us ...\" name=\"your-message\"><\/textarea><\/span>\n<\/p>\n<p><span class=\"wpcf7-form-control-wrap\" data-name=\"datenschutz\"><span class=\"wpcf7-form-control wpcf7-acceptance\"><span class=\"wpcf7-list-item\"><input type=\"checkbox\" name=\"datenschutz\" value=\"1\" aria-invalid=\"false\" \/><\/span><\/span><\/span> By submitting this form I agree with the valid <a href=\"\/en\/data-protection\/\">data protection<\/a>!\n<\/p>\n<p><span class=\"wpcf7-form-control-wrap\" data-name=\"newsletter\"><span class=\"wpcf7-form-control wpcf7-acceptance optional\"><span class=\"wpcf7-list-item\"><input type=\"checkbox\" name=\"newsletter\" value=\"1\" aria-invalid=\"false\" \/><\/span><\/span><\/span> Please inform me in future about current offers, events and campaigns of eSell GmbH.\n<\/p>\n<p><input class=\"wpcf7-form-control wpcf7-submit has-spinner\" type=\"submit\" value=\"Send\" \/>\n<\/p><div class=\"fusion-alert alert custom alert-custom fusion-alert-center wpcf7-response-output fusion-alert-capitalize awb-alert-native-link-color alert-dismissable awb-alert-close-boxed\" style=\"--awb-border-top-left-radius:0px;--awb-border-top-right-radius:0px;--awb-border-bottom-left-radius:0px;--awb-border-bottom-right-radius:0px;\" role=\"alert\"><div class=\"fusion-alert-content-wrapper\"><span class=\"fusion-alert-content\"><\/span><\/div><button type=\"button\" class=\"close toggle-alert\" data-dismiss=\"alert\" aria-label=\"Close\">&times;<\/button><\/div>\n<\/form>\n<\/div>\n<\/p>\n<\/div><div class=\"fusion-clearfix\"><\/div><\/div><\/div><\/div><\/div><\/p>\n","protected":false},"excerpt":{"rendered":"","protected":false},"author":3,"featured_media":0,"parent":0,"menu_order":0,"comment_status":"closed","ping_status":"closed","template":"100-width.php","meta":{"footnotes":""},"class_list":["post-2837","page","type-page","status-publish","hentry"],"_links":{"self":[{"href":"https:\/\/www.esell.de\/en\/wp-json\/wp\/v2\/pages\/2837","targetHints":{"allow":["GET"]}}],"collection":[{"href":"https:\/\/www.esell.de\/en\/wp-json\/wp\/v2\/pages"}],"about":[{"href":"https:\/\/www.esell.de\/en\/wp-json\/wp\/v2\/types\/page"}],"author":[{"embeddable":true,"href":"https:\/\/www.esell.de\/en\/wp-json\/wp\/v2\/users\/3"}],"replies":[{"embeddable":true,"href":"https:\/\/www.esell.de\/en\/wp-json\/wp\/v2\/comments?post=2837"}],"version-history":[{"count":3,"href":"https:\/\/www.esell.de\/en\/wp-json\/wp\/v2\/pages\/2837\/revisions"}],"predecessor-version":[{"id":3650,"href":"https:\/\/www.esell.de\/en\/wp-json\/wp\/v2\/pages\/2837\/revisions\/3650"}],"wp:attachment":[{"href":"https:\/\/www.esell.de\/en\/wp-json\/wp\/v2\/media?parent=2837"}],"curies":[{"name":"wp","href":"https:\/\/api.w.org\/{rel}","templated":true}]}}